{"id":1147,"date":"2025-02-02T07:38:34","date_gmt":"2025-02-02T07:38:34","guid":{"rendered":"https:\/\/englishbyse.com\/quienes-somos\/"},"modified":"2025-06-16T18:32:53","modified_gmt":"2025-06-16T18:32:53","slug":"quienes-somos","status":"publish","type":"page","link":"https:\/\/englishbyse.com\/es\/quienes-somos\/","title":{"rendered":"Sobre Nosotros"},"content":{"rendered":"\t\t<div data-elementor-type=\"wp-page\" data-elementor-id=\"1147\" class=\"elementor elementor-1147 elementor-170\" data-elementor-post-type=\"page\">\n\t\t\t\t<div class=\"elementor-element elementor-element-2553ba3 e-flex e-con-boxed e-con e-parent\" data-id=\"2553ba3\" data-element_type=\"container\" data-e-type=\"container\" data-settings=\"{&quot;background_background&quot;:&quot;classic&quot;}\">\n\t\t\t\t\t<div class=\"e-con-inner\">\n\t\t\t\t<div class=\"elementor-element elementor-element-5a997cd elementor-invisible elementor-widget elementor-widget-heading\" data-id=\"5a997cd\" data-element_type=\"widget\" data-e-type=\"widget\" data-settings=\"{&quot;_animation&quot;:&quot;fadeIn&quot;}\" data-widget_type=\"heading.default\">\n\t\t\t\t<div class=\"elementor-widget-container\">\n\t\t\t\t\t<h1 class=\"elementor-heading-title elementor-size-default\">Sobre nosotros<\/h1>\t\t\t\t<\/div>\n\t\t\t\t<\/div>\n\t\t\t\t\t<\/div>\n\t\t\t\t<\/div>\n\t\t<div class=\"elementor-element elementor-element-8ddd7dc e-flex e-con-boxed e-con e-parent\" data-id=\"8ddd7dc\" data-element_type=\"container\" data-e-type=\"container\">\n\t\t\t\t\t<div class=\"e-con-inner\">\n\t\t\t\t<div class=\"elementor-element elementor-element-3f21716 elementor-widget elementor-widget-heading\" data-id=\"3f21716\" data-element_type=\"widget\" data-e-type=\"widget\" data-widget_type=\"heading.default\">\n\t\t\t\t<div class=\"elementor-widget-container\">\n\t\t\t\t\t<h2 class=\"elementor-heading-title elementor-size-default\">Calificaci\u00f3n A+ <br> en Better Business Bureau\u00ae.<\/h2>\t\t\t\t<\/div>\n\t\t\t\t<\/div>\n\t\t\t\t<div class=\"elementor-element elementor-element-31acab0 elementor-widget elementor-widget-image\" data-id=\"31acab0\" data-element_type=\"widget\" data-e-type=\"widget\" data-widget_type=\"image.default\">\n\t\t\t\t<div class=\"elementor-widget-container\">\n\t\t\t\t\t\t\t\t\t\t\t\t\t\t\t\t<a href=\"https:\/\/www.bbb.org\/us\/ny\/new-york\/profile\/educational-consultant\/success-essentials-inc-0121-87153506\/#sealclick\">\n\t\t\t\t\t\t\t<img decoding=\"async\" width=\"158\" height=\"110\" src=\"https:\/\/englishbyse.com\/wp-content\/uploads\/2025\/02\/blue-seal-150-110-bbb-87153506-1.png\" class=\"attachment-large size-large wp-image-1086\" alt=\"\" \/>\t\t\t\t\t\t\t\t<\/a>\n\t\t\t\t\t\t\t\t\t\t\t\t\t\t\t<\/div>\n\t\t\t\t<\/div>\n\t\t\t\t\t<\/div>\n\t\t\t\t<\/div>\n\t\t<div class=\"elementor-element elementor-element-a3b8bdf e-flex e-con-boxed e-con e-parent\" data-id=\"a3b8bdf\" data-element_type=\"container\" data-e-type=\"container\" data-settings=\"{&quot;background_background&quot;:&quot;classic&quot;}\">\n\t\t\t\t\t<div class=\"e-con-inner\">\n\t\t<div class=\"elementor-element elementor-element-5a07a92 e-con-full e-flex e-con e-child\" data-id=\"5a07a92\" data-element_type=\"container\" data-e-type=\"container\" data-settings=\"{&quot;background_background&quot;:&quot;classic&quot;}\">\n\t\t\t\t<\/div>\n\t\t<div class=\"elementor-element elementor-element-19c4c3c e-con-full e-flex e-con e-child\" data-id=\"19c4c3c\" data-element_type=\"container\" data-e-type=\"container\">\n\t\t\t\t<div class=\"elementor-element elementor-element-82b2a58 elementor-invisible elementor-widget elementor-widget-heading\" data-id=\"82b2a58\" data-element_type=\"widget\" data-e-type=\"widget\" data-settings=\"{&quot;_animation&quot;:&quot;fadeInUp&quot;}\" data-widget_type=\"heading.default\">\n\t\t\t\t<div class=\"elementor-widget-container\">\n\t\t\t\t\t<h2 class=\"elementor-heading-title elementor-size-default\">Sobre Success Essentials Inc\u00ae<\/h2>\t\t\t\t<\/div>\n\t\t\t\t<\/div>\n\t\t\t\t<div class=\"elementor-element elementor-element-b4f90c5 elementor-invisible elementor-widget elementor-widget-text-editor\" data-id=\"b4f90c5\" data-element_type=\"widget\" data-e-type=\"widget\" data-settings=\"{&quot;_animation&quot;:&quot;fadeInUp&quot;}\" data-widget_type=\"text-editor.default\">\n\t\t\t\t<div class=\"elementor-widget-container\">\n\t\t\t\t\t\t\t\t\t<p><strong class=\"x-el x-el-span c1-21 c1-22 c1-b c1-25 c1-46 c1-80 c1-81\">Success Essentials Inc.<\/strong>\u00ae <strong class=\"x-el x-el-span c1-21 c1-22 c1-b c1-25 c1-46 c1-80 c1-81\">es una innovadora empresa de formaci\u00f3n online con sede en\u00a0la ciudad de Nueva York. Ayudamos a personas que est\u00e1n aprendiendo ingl\u00e9s como\u00a0segundo idioma a desarrollar habilidades tanto orales como escritas.\u00a0<\/strong><strong>Tambi\u00e9n ayudamos a aqu\u00e9llos que buscan un crecimiento de sus carreras profesionales a\u00a0trav\u00e9s del idioma. Ofrecemos talleres de Coaching Profesional para conseguir el\u00a0Advance\u2122. <\/strong><\/p>\t\t\t\t\t\t\t\t<\/div>\n\t\t\t\t<\/div>\n\t\t\t\t<div class=\"elementor-element elementor-element-bf7c2f1 elementor-align-left elementor-invisible elementor-widget elementor-widget-button\" data-id=\"bf7c2f1\" data-element_type=\"widget\" data-e-type=\"widget\" data-settings=\"{&quot;_animation&quot;:&quot;fadeIn&quot;,&quot;_animation_delay&quot;:400}\" data-widget_type=\"button.default\">\n\t\t\t\t<div class=\"elementor-widget-container\">\n\t\t\t\t\t\t\t\t\t<div class=\"elementor-button-wrapper\">\n\t\t\t\t\t<a class=\"elementor-button elementor-button-link elementor-size-sm elementor-animation-grow\" href=\"https:\/\/englishbyse.com\/es\/contacta-con-nosotros\/\">\n\t\t\t\t\t\t<span class=\"elementor-button-content-wrapper\">\n\t\t\t\t\t\t\t\t\t<span class=\"elementor-button-text\">Descubre M\u00e1s<\/span>\n\t\t\t\t\t<\/span>\n\t\t\t\t\t<\/a>\n\t\t\t\t<\/div>\n\t\t\t\t\t\t\t\t<\/div>\n\t\t\t\t<\/div>\n\t\t\t\t<\/div>\n\t\t\t\t\t<\/div>\n\t\t\t\t<\/div>\n\t\t<div class=\"elementor-element elementor-element-68a057e e-flex e-con-boxed e-con e-parent\" data-id=\"68a057e\" data-element_type=\"container\" data-e-type=\"container\" data-settings=\"{&quot;background_background&quot;:&quot;classic&quot;}\">\n\t\t\t\t\t<div class=\"e-con-inner\">\n\t\t<div class=\"elementor-element elementor-element-e8edc05 e-con-full e-flex e-con e-child\" data-id=\"e8edc05\" data-element_type=\"container\" data-e-type=\"container\">\n\t\t\t\t<div class=\"elementor-element elementor-element-6c44c3d elementor-invisible elementor-widget elementor-widget-heading\" data-id=\"6c44c3d\" data-element_type=\"widget\" data-e-type=\"widget\" data-settings=\"{&quot;_animation&quot;:&quot;fadeInUp&quot;}\" data-widget_type=\"heading.default\">\n\t\t\t\t<div class=\"elementor-widget-container\">\n\t\t\t\t\t<h2 class=\"elementor-heading-title elementor-size-default\">Llevamos a cabo un negocio global de \u00e9xito.<\/h2>\t\t\t\t<\/div>\n\t\t\t\t<\/div>\n\t\t\t\t<div class=\"elementor-element elementor-element-dc4328b elementor-invisible elementor-widget elementor-widget-text-editor\" data-id=\"dc4328b\" data-element_type=\"widget\" data-e-type=\"widget\" data-settings=\"{&quot;_animation&quot;:&quot;fadeInUp&quot;}\" data-widget_type=\"text-editor.default\">\n\t\t\t\t<div class=\"elementor-widget-container\">\n\t\t\t\t\t\t\t\t\t<p><strong class=\"x-el x-el-span c1-21 c1-22 c1-b c1-25 c1-46 c1-80 c1-81\">Utilizamos un enfoque de ense\u00f1anza moderno y adaptado al siglo XXI, lo que nos permite llegar a distintas regiones del mundo a trav\u00e9s de m\u00e9todos de aprendizaje online.<\/strong><\/p><p><strong class=\"x-el x-el-span c1-21 c1-22 c1-b c1-25 c1-46 c1-80 c1-81\">Si necesitas aprender ingl\u00e9s para tu carrera profesional o simplemente por el placer de poder hablarlo, entonces Success Essentials (SE) es justo la empresa que necesitas. <\/strong><\/p>\t\t\t\t\t\t\t\t<\/div>\n\t\t\t\t<\/div>\n\t\t\t\t<div class=\"elementor-element elementor-element-b0693c0 elementor-align-left elementor-invisible elementor-widget elementor-widget-button\" data-id=\"b0693c0\" data-element_type=\"widget\" data-e-type=\"widget\" data-settings=\"{&quot;_animation&quot;:&quot;fadeIn&quot;,&quot;_animation_delay&quot;:400}\" data-widget_type=\"button.default\">\n\t\t\t\t<div class=\"elementor-widget-container\">\n\t\t\t\t\t\t\t\t\t<div class=\"elementor-button-wrapper\">\n\t\t\t\t\t<a class=\"elementor-button elementor-button-link elementor-size-sm elementor-animation-grow\" href=\"https:\/\/englishbyse.com\/es\/contacta-con-nosotros\/\">\n\t\t\t\t\t\t<span class=\"elementor-button-content-wrapper\">\n\t\t\t\t\t\t\t\t\t<span class=\"elementor-button-text\">Descubre M\u00e1s<\/span>\n\t\t\t\t\t<\/span>\n\t\t\t\t\t<\/a>\n\t\t\t\t<\/div>\n\t\t\t\t\t\t\t\t<\/div>\n\t\t\t\t<\/div>\n\t\t\t\t<\/div>\n\t\t<div class=\"elementor-element elementor-element-f9b0c12 e-con-full e-flex e-con e-child\" data-id=\"f9b0c12\" data-element_type=\"container\" data-e-type=\"container\" data-settings=\"{&quot;background_background&quot;:&quot;classic&quot;}\">\n\t\t\t\t<\/div>\n\t\t\t\t\t<\/div>\n\t\t\t\t<\/div>\n\t\t<div class=\"elementor-element elementor-element-5d1e3543 e-con-full e-flex e-con e-parent\" data-id=\"5d1e3543\" data-element_type=\"container\" data-e-type=\"container\" data-settings=\"{&quot;background_background&quot;:&quot;classic&quot;}\">\n\t\t\t\t<div class=\"elementor-element elementor-element-33e4cf7 elementor-invisible elementor-widget elementor-widget-heading\" data-id=\"33e4cf7\" data-element_type=\"widget\" data-e-type=\"widget\" data-settings=\"{&quot;_animation&quot;:&quot;fadeInUp&quot;}\" data-widget_type=\"heading.default\">\n\t\t\t\t<div class=\"elementor-widget-container\">\n\t\t\t\t\t<h2 class=\"elementor-heading-title elementor-size-default\">Historia de Success Essentials Inc. \u00ae<\/h2>\t\t\t\t<\/div>\n\t\t\t\t<\/div>\n\t\t\t\t<\/div>\n\t\t<div class=\"elementor-element elementor-element-5d00d25 e-flex e-con-boxed e-con e-parent\" data-id=\"5d00d25\" data-element_type=\"container\" data-e-type=\"container\">\n\t\t\t\t\t<div class=\"e-con-inner\">\n\t\t<div class=\"elementor-element elementor-element-de3abb4 e-con-full e-flex e-con e-child\" data-id=\"de3abb4\" data-element_type=\"container\" data-e-type=\"container\">\n\t\t\t\t<div class=\"elementor-element elementor-element-87dcd80 elementor-invisible elementor-widget elementor-widget-heading\" data-id=\"87dcd80\" data-element_type=\"widget\" data-e-type=\"widget\" data-settings=\"{&quot;_animation&quot;:&quot;fadeInUp&quot;}\" data-widget_type=\"heading.default\">\n\t\t\t\t<div class=\"elementor-widget-container\">\n\t\t\t\t\t<h2 class=\"elementor-heading-title elementor-size-default\">Fundadora<\/h2>\t\t\t\t<\/div>\n\t\t\t\t<\/div>\n\t\t\t\t<div class=\"elementor-element elementor-element-ac4447e elementor-invisible elementor-widget elementor-widget-text-editor\" data-id=\"ac4447e\" data-element_type=\"widget\" data-e-type=\"widget\" data-settings=\"{&quot;_animation&quot;:&quot;fadeInUp&quot;}\" data-widget_type=\"text-editor.default\">\n\t\t\t\t<div class=\"elementor-widget-container\">\n\t\t\t\t\t\t\t\t\t<p><strong>M. Lauryn Alexander <\/strong>fund\u00f3 Success Essentials Inc.\u00ae (www.EnglishBySE.com), una innovadora empresa de formaci\u00f3n online, especializada en la ense\u00f1anza de ingl\u00e9s para personas que est\u00e1n aprendiendo el idioma como segunda lengua, as\u00ed como en talleres de coaching profesional para el conseguir el Advance. Es una educadora biling\u00fce (ingl\u00e9s\/espa\u00f1ol).<\/p><p><span style=\"background-color: transparent; font-size: 20px; color: #5e5e5e; font-family: Poppins, arial, sans-serif; letter-spacing: 0px; text-align: var(--text-align);\"><strong>Como profesora de ingl\u00e9s para hablantes de otras lenguas (TESOL) certificada por el Estado de Nueva York<\/strong>, tiene m\u00e1s de <strong>25 a\u00f1os de experiencia.<\/strong> Ha ense\u00f1ado en institutos p\u00fablicos de la ciudad de Nueva York, impartiendo clases de ELL de todos los niveles. La Sra. Alexander ha ense\u00f1ado ingl\u00e9s a hablantes no nativos de ingl\u00e9s a nivel universitario en la Universidad de la Ciudad de Nueva York durante varios a\u00f1os. <\/span><span style=\"background-color: transparent; font-size: 20px; color: #5e5e5e; font-family: Poppins, arial, sans-serif; letter-spacing: 0px; text-align: var(--text-align);\">Tambi\u00e9n es asesora de lengua inglesa e instructora de ELL.<\/span><\/p>\t\t\t\t\t\t\t\t<\/div>\n\t\t\t\t<\/div>\n\t\t\t\t<div class=\"elementor-element elementor-element-e4ed58b elementor-invisible elementor-widget elementor-widget-text-editor\" data-id=\"e4ed58b\" data-element_type=\"widget\" data-e-type=\"widget\" data-settings=\"{&quot;_animation&quot;:&quot;fadeInUp&quot;}\" data-widget_type=\"text-editor.default\">\n\t\t\t\t<div class=\"elementor-widget-container\">\n\t\t\t\t\t\t\t\t\t<p><span style=\"background-color: transparent; font-size: 20px; color: #5e5e5e; font-family: Poppins, arial, sans-serif; letter-spacing: 0px; text-align: var(--text-align);\">M. Lauryn Alexander es miembro activo de la Secci\u00f3n Metropolitana de Nueva York de la Asociaci\u00f3n para el Desarrollo del Talento (ATD), del Museo Nacional del Ind\u00edgena Americano del Smithsonian, de la Sociedad Japonesa y de la Asociaci\u00f3n de Editores para Ventas Especiales (APSS). Ha escrito una novela, <\/span><strong><em style=\"background-color: transparent; color: inherit; font-family: Poppins, arial, sans-serif; font-weight: inherit; letter-spacing: inherit; text-transform: inherit; text-align: var(--text-align); box-sizing: inherit; line-height: inherit; font-size: inherit !important;\">TIEMPO Y CONSECUENCIAS<\/em><span style=\"background-color: transparent; font-size: 20px; color: #5e5e5e; font-family: Poppins, arial, sans-serif; letter-spacing: 0px; text-align: var(--text-align);\">, <\/span><\/strong><span style=\"background-color: transparent; font-size: 20px; color: #5e5e5e; font-family: Poppins, arial, sans-serif; letter-spacing: 0px; text-align: var(--text-align);\">que est\u00e1 <\/span><strong><a style=\"font-size: unset; font-family: Poppins, arial, sans-serif; font-weight: inherit; letter-spacing: inherit; text-transform: inherit; text-align: var(--text-align); box-sizing: inherit; color: #c7401a; cursor: pointer; overflow-wrap: break-word; display: inline; text-decoration-line: underline;\" href=\"https:\/\/timeandconsequences.com\/buy-the-book\/\" target=\"_blank\" rel=\"noopener\"><span style=\"box-sizing: inherit; letter-spacing: inherit; text-transform: inherit; color: inherit; line-height: inherit; font-size: inherit !important;\">ya a la venta<\/span><\/a><span style=\"background-color: transparent; font-size: 20px; color: #5e5e5e; font-family: Poppins, arial, sans-serif; letter-spacing: 0px; text-align: var(--text-align);\">.<\/span><\/strong><\/p>\t\t\t\t\t\t\t\t<\/div>\n\t\t\t\t<\/div>\n\t\t\t\t<\/div>\n\t\t<div class=\"elementor-element elementor-element-0acfe25 e-con-full e-flex e-con e-child\" data-id=\"0acfe25\" data-element_type=\"container\" data-e-type=\"container\" data-settings=\"{&quot;background_background&quot;:&quot;classic&quot;}\">\n\t\t\t\t<\/div>\n\t\t\t\t\t<\/div>\n\t\t\t\t<\/div>\n\t\t<div class=\"elementor-element elementor-element-5823bf1 e-flex e-con-boxed e-con e-parent\" data-id=\"5823bf1\" data-element_type=\"container\" data-e-type=\"container\">\n\t\t\t\t\t<div class=\"e-con-inner\">\n\t\t<div class=\"elementor-element elementor-element-1d16500 e-con-full e-flex e-con e-child\" data-id=\"1d16500\" data-element_type=\"container\" data-e-type=\"container\">\n\t\t\t\t<div class=\"elementor-element elementor-element-a4249a5 elementor-align-center elementor-invisible elementor-widget elementor-widget-button\" data-id=\"a4249a5\" data-element_type=\"widget\" data-e-type=\"widget\" data-settings=\"{&quot;_animation&quot;:&quot;fadeIn&quot;,&quot;_animation_delay&quot;:400}\" data-widget_type=\"button.default\">\n\t\t\t\t<div class=\"elementor-widget-container\">\n\t\t\t\t\t\t\t\t\t<div class=\"elementor-button-wrapper\">\n\t\t\t\t\t<a class=\"elementor-button elementor-button-link elementor-size-sm elementor-animation-grow\" href=\"https:\/\/englishbyse.com\/es\/contacta-con-nosotros\/\">\n\t\t\t\t\t\t<span class=\"elementor-button-content-wrapper\">\n\t\t\t\t\t\t\t\t\t<span class=\"elementor-button-text\">Contactar ahora<\/span>\n\t\t\t\t\t<\/span>\n\t\t\t\t\t<\/a>\n\t\t\t\t<\/div>\n\t\t\t\t\t\t\t\t<\/div>\n\t\t\t\t<\/div>\n\t\t\t\t<\/div>\n\t\t\t\t\t<\/div>\n\t\t\t\t<\/div>\n\t\t\t\t<\/div>\n\t\t","protected":false},"excerpt":{"rendered":"<p>Sobre nosotros Calificaci\u00f3n A+ en Better Business Bureau\u00ae. Sobre Success Essentials Inc\u00ae Success Essentials Inc.\u00ae es una innovadora empresa de formaci\u00f3n online con sede en\u00a0la ciudad de Nueva York. Ayudamos a personas que est\u00e1n aprendiendo ingl\u00e9s como\u00a0segundo idioma a desarrollar habilidades tanto orales como escritas.\u00a0Tambi\u00e9n ayudamos a aqu\u00e9llos que buscan un crecimiento de sus carreras [&hellip;]<\/p>\n","protected":false},"author":2,"featured_media":0,"parent":0,"menu_order":0,"comment_status":"closed","ping_status":"closed","template":"elementor_header_footer","meta":{"footnotes":""},"class_list":["post-1147","page","type-page","status-publish","hentry"],"_links":{"self":[{"href":"https:\/\/englishbyse.com\/es\/wp-json\/wp\/v2\/pages\/1147","targetHints":{"allow":["GET"]}}],"collection":[{"href":"https:\/\/englishbyse.com\/es\/wp-json\/wp\/v2\/pages"}],"about":[{"href":"https:\/\/englishbyse.com\/es\/wp-json\/wp\/v2\/types\/page"}],"author":[{"embeddable":true,"href":"https:\/\/englishbyse.com\/es\/wp-json\/wp\/v2\/users\/2"}],"replies":[{"embeddable":true,"href":"https:\/\/englishbyse.com\/es\/wp-json\/wp\/v2\/comments?post=1147"}],"version-history":[{"count":33,"href":"https:\/\/englishbyse.com\/es\/wp-json\/wp\/v2\/pages\/1147\/revisions"}],"predecessor-version":[{"id":1478,"href":"https:\/\/englishbyse.com\/es\/wp-json\/wp\/v2\/pages\/1147\/revisions\/1478"}],"wp:attachment":[{"href":"https:\/\/englishbyse.com\/es\/wp-json\/wp\/v2\/media?parent=1147"}],"curies":[{"name":"wp","href":"https:\/\/api.w.org\/{rel}","templated":true}]}}