{"id":1163,"date":"2025-02-25T13:57:20","date_gmt":"2025-02-25T13:57:20","guid":{"rendered":"https:\/\/englishbyse.com\/preparacion-de-examenes-de-inmigracion\/"},"modified":"2025-05-12T16:53:03","modified_gmt":"2025-05-12T16:53:03","slug":"preparacion-de-examenes-de-inmigracion","status":"publish","type":"page","link":"https:\/\/englishbyse.com\/es\/preparacion-de-examenes-de-inmigracion\/","title":{"rendered":"Preparaci\u00f3n para el Examen de Inmigraci\u00f3n"},"content":{"rendered":"\t\t<div data-elementor-type=\"wp-page\" data-elementor-id=\"1163\" class=\"elementor elementor-1163\" data-elementor-post-type=\"page\">\n\t\t\t\t<div class=\"elementor-element elementor-element-1e7842a e-flex e-con-boxed e-con e-parent\" data-id=\"1e7842a\" data-element_type=\"container\" data-e-type=\"container\" data-settings=\"{&quot;background_background&quot;:&quot;classic&quot;}\">\n\t\t\t\t\t<div class=\"e-con-inner\">\n\t\t\t\t<div class=\"elementor-element elementor-element-a53980f elementor-invisible elementor-widget elementor-widget-heading\" data-id=\"a53980f\" data-element_type=\"widget\" data-e-type=\"widget\" data-settings=\"{&quot;_animation&quot;:&quot;fadeIn&quot;}\" data-widget_type=\"heading.default\">\n\t\t\t\t<div class=\"elementor-widget-container\">\n\t\t\t\t\t<h1 class=\"elementor-heading-title elementor-size-default\">Preparaci\u00f3n para el Examen de Inmigraci\u00f3n<\/h1>\t\t\t\t<\/div>\n\t\t\t\t<\/div>\n\t\t\t\t\t<\/div>\n\t\t\t\t<\/div>\n\t\t<div class=\"elementor-element elementor-element-d23201e e-flex e-con-boxed e-con e-parent\" data-id=\"d23201e\" data-element_type=\"container\" data-e-type=\"container\" data-settings=\"{&quot;background_background&quot;:&quot;classic&quot;}\">\n\t\t\t\t\t<div class=\"e-con-inner\">\n\t\t<div class=\"elementor-element elementor-element-08d35c4 e-con-full e-flex e-con e-child\" data-id=\"08d35c4\" data-element_type=\"container\" data-e-type=\"container\">\n\t\t\t\t<div class=\"elementor-element elementor-element-8e4a26a elementor-invisible elementor-widget elementor-widget-heading\" data-id=\"8e4a26a\" data-element_type=\"widget\" data-e-type=\"widget\" data-settings=\"{&quot;_animation&quot;:&quot;fadeInUp&quot;}\" data-widget_type=\"heading.default\">\n\t\t\t\t<div class=\"elementor-widget-container\">\n\t\t\t\t\t<h2 class=\"elementor-heading-title elementor-size-default\">\u00bfQu\u00e9 puedes esperar de nuestras clases online de preparaci\u00f3n para el examen de inmigraci\u00f3n? <\/h2>\t\t\t\t<\/div>\n\t\t\t\t<\/div>\n\t\t\t\t<div class=\"elementor-element elementor-element-f52c7ee elementor-invisible elementor-widget elementor-widget-text-editor\" data-id=\"f52c7ee\" data-element_type=\"widget\" data-e-type=\"widget\" data-settings=\"{&quot;_animation&quot;:&quot;fadeInUp&quot;}\" data-widget_type=\"text-editor.default\">\n\t\t\t\t<div class=\"elementor-widget-container\">\n\t\t\t\t\t\t\t\t\t<p>Es importante que des lo mejor de ti en el examen de naturalizaci\u00f3n (tambi\u00e9n conocido como \u00abexamen de ciudadan\u00eda\u00bb). Pero lo m\u00e1s importante, \u00a1no te dejes intimidar! Con una preparaci\u00f3n suficiente, deber\u00edas obtener buenos resultados.<\/p>\t\t\t\t\t\t\t\t<\/div>\n\t\t\t\t<\/div>\n\t\t\t\t<div class=\"elementor-element elementor-element-f6e70b1 elementor-align-left elementor-invisible elementor-widget elementor-widget-button\" data-id=\"f6e70b1\" data-element_type=\"widget\" data-e-type=\"widget\" data-settings=\"{&quot;_animation&quot;:&quot;fadeIn&quot;,&quot;_animation_delay&quot;:400}\" data-widget_type=\"button.default\">\n\t\t\t\t<div class=\"elementor-widget-container\">\n\t\t\t\t\t\t\t\t\t<div class=\"elementor-button-wrapper\">\n\t\t\t\t\t<a class=\"elementor-button elementor-button-link elementor-size-sm elementor-animation-grow\" href=\"https:\/\/englishbyse.com\/es\/cuestionario\/\">\n\t\t\t\t\t\t<span class=\"elementor-button-content-wrapper\">\n\t\t\t\t\t\t\t\t\t<span class=\"elementor-button-text\">EMPEZAR<\/span>\n\t\t\t\t\t<\/span>\n\t\t\t\t\t<\/a>\n\t\t\t\t<\/div>\n\t\t\t\t\t\t\t\t<\/div>\n\t\t\t\t<\/div>\n\t\t\t\t<\/div>\n\t\t<div class=\"elementor-element elementor-element-f10635e e-con-full e-flex e-con e-child\" data-id=\"f10635e\" data-element_type=\"container\" data-e-type=\"container\" data-settings=\"{&quot;background_background&quot;:&quot;classic&quot;}\">\n\t\t\t\t<\/div>\n\t\t\t\t\t<\/div>\n\t\t\t\t<\/div>\n\t\t<div class=\"elementor-element elementor-element-79d2fd1 e-flex e-con-boxed e-con e-parent\" data-id=\"79d2fd1\" data-element_type=\"container\" data-e-type=\"container\" data-settings=\"{&quot;background_background&quot;:&quot;classic&quot;}\">\n\t\t\t\t\t<div class=\"e-con-inner\">\n\t\t<div class=\"elementor-element elementor-element-a032d3a e-con-full e-flex e-con e-child\" data-id=\"a032d3a\" data-element_type=\"container\" data-e-type=\"container\" data-settings=\"{&quot;background_background&quot;:&quot;classic&quot;}\">\n\t\t\t\t<\/div>\n\t\t<div class=\"elementor-element elementor-element-f21f385 e-con-full e-flex e-con e-child\" data-id=\"f21f385\" data-element_type=\"container\" data-e-type=\"container\">\n\t\t\t\t<div class=\"elementor-element elementor-element-fc95bd5 elementor-invisible elementor-widget elementor-widget-text-editor\" data-id=\"fc95bd5\" data-element_type=\"widget\" data-e-type=\"widget\" data-settings=\"{&quot;_animation&quot;:&quot;fadeInUp&quot;}\" data-widget_type=\"text-editor.default\">\n\t\t\t\t<div class=\"elementor-widget-container\">\n\t\t\t\t\t\t\t\t\t<p>Ten en cuenta que solo tendr\u00e1s dos oportunidades para aprobar, as\u00ed que cuanto m\u00e1s estudies para el examen, m\u00e1s r\u00e1pido podr\u00e1s comenzar tu vida como ciudadano estadounidense.<\/p><p>&#8211; El examen de ingl\u00e9s constar\u00e1 de tres partes: una prueba de expresi\u00f3n oral, una secci\u00f3n de comprensi\u00f3n lectora y una prueba de escritura.<\/p><p>En qu\u00e9 consiste el examen de ingl\u00e9s:<\/p><p>-Componente ingl\u00e9s<\/p><p>-Prueba de expresi\u00f3n oral<\/p><p>-Prueba de lectura<\/p><p>-Prueba de escritura<\/p>\t\t\t\t\t\t\t\t<\/div>\n\t\t\t\t<\/div>\n\t\t\t\t<div class=\"elementor-element elementor-element-e7c8586 elementor-align-left elementor-invisible elementor-widget elementor-widget-button\" data-id=\"e7c8586\" data-element_type=\"widget\" data-e-type=\"widget\" data-settings=\"{&quot;_animation&quot;:&quot;fadeIn&quot;,&quot;_animation_delay&quot;:400}\" data-widget_type=\"button.default\">\n\t\t\t\t<div class=\"elementor-widget-container\">\n\t\t\t\t\t\t\t\t\t<div class=\"elementor-button-wrapper\">\n\t\t\t\t\t<a class=\"elementor-button elementor-button-link elementor-size-sm elementor-animation-grow\" href=\"https:\/\/englishbyse.com\/es\/cuestionario\/\">\n\t\t\t\t\t\t<span class=\"elementor-button-content-wrapper\">\n\t\t\t\t\t\t\t\t\t<span class=\"elementor-button-text\">EMPEZAR<\/span>\n\t\t\t\t\t<\/span>\n\t\t\t\t\t<\/a>\n\t\t\t\t<\/div>\n\t\t\t\t\t\t\t\t<\/div>\n\t\t\t\t<\/div>\n\t\t\t\t<\/div>\n\t\t\t\t\t<\/div>\n\t\t\t\t<\/div>\n\t\t\t\t<\/div>\n\t\t","protected":false},"excerpt":{"rendered":"<p>Preparaci\u00f3n para el Examen de Inmigraci\u00f3n \u00bfQu\u00e9 puedes esperar de nuestras clases online de preparaci\u00f3n para el examen de inmigraci\u00f3n? Es importante que des lo mejor de ti en el examen de naturalizaci\u00f3n (tambi\u00e9n conocido como \u00abexamen de ciudadan\u00eda\u00bb). Pero lo m\u00e1s importante, \u00a1no te dejes intimidar! Con una preparaci\u00f3n suficiente, deber\u00edas obtener buenos resultados. [&hellip;]<\/p>\n","protected":false},"author":2,"featured_media":0,"parent":0,"menu_order":0,"comment_status":"closed","ping_status":"closed","template":"elementor_header_footer","meta":{"footnotes":""},"class_list":["post-1163","page","type-page","status-publish","hentry"],"_links":{"self":[{"href":"https:\/\/englishbyse.com\/es\/wp-json\/wp\/v2\/pages\/1163","targetHints":{"allow":["GET"]}}],"collection":[{"href":"https:\/\/englishbyse.com\/es\/wp-json\/wp\/v2\/pages"}],"about":[{"href":"https:\/\/englishbyse.com\/es\/wp-json\/wp\/v2\/types\/page"}],"author":[{"embeddable":true,"href":"https:\/\/englishbyse.com\/es\/wp-json\/wp\/v2\/users\/2"}],"replies":[{"embeddable":true,"href":"https:\/\/englishbyse.com\/es\/wp-json\/wp\/v2\/comments?post=1163"}],"version-history":[{"count":10,"href":"https:\/\/englishbyse.com\/es\/wp-json\/wp\/v2\/pages\/1163\/revisions"}],"predecessor-version":[{"id":1320,"href":"https:\/\/englishbyse.com\/es\/wp-json\/wp\/v2\/pages\/1163\/revisions\/1320"}],"wp:attachment":[{"href":"https:\/\/englishbyse.com\/es\/wp-json\/wp\/v2\/media?parent=1163"}],"curies":[{"name":"wp","href":"https:\/\/api.w.org\/{rel}","templated":true}]}}