{"id":1164,"date":"2025-02-25T13:28:09","date_gmt":"2025-02-25T13:28:09","guid":{"rendered":"https:\/\/englishbyse.com\/ingles-avanzado\/"},"modified":"2025-06-16T18:47:43","modified_gmt":"2025-06-16T18:47:43","slug":"ingles-avanzado","status":"publish","type":"page","link":"https:\/\/englishbyse.com\/es\/ingles-avanzado\/","title":{"rendered":"Ingl\u00e9s nivel Avanzado"},"content":{"rendered":"\t\t<div data-elementor-type=\"wp-page\" data-elementor-id=\"1164\" class=\"elementor elementor-1164\" data-elementor-post-type=\"page\">\n\t\t\t\t<div class=\"elementor-element elementor-element-3a6a6c6 e-flex e-con-boxed e-con e-parent\" data-id=\"3a6a6c6\" data-element_type=\"container\" data-e-type=\"container\" data-settings=\"{&quot;background_background&quot;:&quot;classic&quot;}\">\n\t\t\t\t\t<div class=\"e-con-inner\">\n\t\t\t\t<div class=\"elementor-element elementor-element-2136803 elementor-invisible elementor-widget elementor-widget-heading\" data-id=\"2136803\" data-element_type=\"widget\" data-e-type=\"widget\" data-settings=\"{&quot;_animation&quot;:&quot;fadeIn&quot;}\" data-widget_type=\"heading.default\">\n\t\t\t\t<div class=\"elementor-widget-container\">\n\t\t\t\t\t<h1 class=\"elementor-heading-title elementor-size-default\">Ingl\u00e9s nivel Avanzado<\/h1>\t\t\t\t<\/div>\n\t\t\t\t<\/div>\n\t\t\t\t\t<\/div>\n\t\t\t\t<\/div>\n\t\t<div class=\"elementor-element elementor-element-9a8986c e-flex e-con-boxed e-con e-parent\" data-id=\"9a8986c\" data-element_type=\"container\" data-e-type=\"container\" data-settings=\"{&quot;background_background&quot;:&quot;classic&quot;}\">\n\t\t\t\t\t<div class=\"e-con-inner\">\n\t\t\t\t<div class=\"elementor-element elementor-element-5db0eda elementor-widget elementor-widget-heading\" data-id=\"5db0eda\" data-element_type=\"widget\" data-e-type=\"widget\" data-widget_type=\"heading.default\">\n\t\t\t\t<div class=\"elementor-widget-container\">\n\t\t\t\t\t<h2 class=\"elementor-heading-title elementor-size-default\">Las lecciones contienen:<\/h2>\t\t\t\t<\/div>\n\t\t\t\t<\/div>\n\t\t<div class=\"elementor-element elementor-element-d0f2a42 e-con-full e-flex e-con e-child\" data-id=\"d0f2a42\" data-element_type=\"container\" data-e-type=\"container\">\n\t\t\t\t<div class=\"elementor-element elementor-element-49e1f78 elementor-widget-tablet__width-initial elementor-widget-mobile__width-inherit elementor-widget__width-initial elementor-invisible elementor-widget elementor-widget-image-box\" data-id=\"49e1f78\" data-element_type=\"widget\" data-e-type=\"widget\" data-settings=\"{&quot;_animation&quot;:&quot;fadeInRight&quot;}\" data-widget_type=\"image-box.default\">\n\t\t\t\t<div class=\"elementor-widget-container\">\n\t\t\t\t\t<div class=\"elementor-image-box-wrapper\"><div class=\"elementor-image-box-content\"><h4 class=\"elementor-image-box-title\">Lecciones a medida<\/h4><p class=\"elementor-image-box-description\">Lecciones de ingl\u00e9s individualizadas y completas que se adaptan a ti para cumplir con tus objetivos ling\u00fc\u00edsticos.<\/p><\/div><\/div>\t\t\t\t<\/div>\n\t\t\t\t<\/div>\n\t\t\t\t<div class=\"elementor-element elementor-element-f4b8bad elementor-widget-tablet__width-initial elementor-widget-mobile__width-inherit elementor-widget__width-initial elementor-invisible elementor-widget elementor-widget-image-box\" data-id=\"f4b8bad\" data-element_type=\"widget\" data-e-type=\"widget\" data-settings=\"{&quot;_animation&quot;:&quot;fadeInRight&quot;,&quot;_animation_delay&quot;:100}\" data-widget_type=\"image-box.default\">\n\t\t\t\t<div class=\"elementor-widget-container\">\n\t\t\t\t\t<div class=\"elementor-image-box-wrapper\"><div class=\"elementor-image-box-content\"><h4 class=\"elementor-image-box-title\">Ejercicios avanzados<\/h4><p class=\"elementor-image-box-description\">Cada lecci\u00f3n online contendr\u00e1 ejercicios de comprensi\u00f3n y expresi\u00f3n escrita y oral en el idioma de destino: el ingl\u00e9s.<\/p><\/div><\/div>\t\t\t\t<\/div>\n\t\t\t\t<\/div>\n\t\t\t\t<\/div>\n\t\t\t\t\t<\/div>\n\t\t\t\t<\/div>\n\t\t<div class=\"elementor-element elementor-element-6bf95c9 e-flex e-con-boxed e-con e-parent\" data-id=\"6bf95c9\" data-element_type=\"container\" data-e-type=\"container\" data-settings=\"{&quot;background_background&quot;:&quot;classic&quot;}\">\n\t\t\t\t\t<div class=\"e-con-inner\">\n\t\t<div class=\"elementor-element elementor-element-63c2421 e-con-full e-flex e-con e-child\" data-id=\"63c2421\" data-element_type=\"container\" data-e-type=\"container\">\n\t\t\t\t<div class=\"elementor-element elementor-element-d1a7d5b elementor-invisible elementor-widget elementor-widget-heading\" data-id=\"d1a7d5b\" data-element_type=\"widget\" data-e-type=\"widget\" data-settings=\"{&quot;_animation&quot;:&quot;fadeInUp&quot;}\" data-widget_type=\"heading.default\">\n\t\t\t\t<div class=\"elementor-widget-container\">\n\t\t\t\t\t<h2 class=\"elementor-heading-title elementor-size-default\">\u00bfQu\u00e9 puedes esperar de nuestro curso de ingl\u00e9s avanzado?<\/h2>\t\t\t\t<\/div>\n\t\t\t\t<\/div>\n\t\t\t\t<div class=\"elementor-element elementor-element-30c00b0 elementor-invisible elementor-widget elementor-widget-text-editor\" data-id=\"30c00b0\" data-element_type=\"widget\" data-e-type=\"widget\" data-settings=\"{&quot;_animation&quot;:&quot;fadeInUp&quot;}\" data-widget_type=\"text-editor.default\">\n\t\t\t\t<div class=\"elementor-widget-container\">\n\t\t\t\t\t\t\t\t\t<p>En Success Essentials Inc.\u00ae, nuestro profesorado certificado por el Estado de Nueva York se centrar\u00e1 en desarrollar las habilidades de los estudiantes para hablar un ingl\u00e9s de uso diario como segundo idioma. Cualquier tema relacionado con el \u00e1mbito laboral o acad\u00e9mico puede personalizarse dentro de estas clases avanzadas de ESL.  <\/p>\t\t\t\t\t\t\t\t<\/div>\n\t\t\t\t<\/div>\n\t\t\t\t<div class=\"elementor-element elementor-element-2abae79 elementor-align-left elementor-invisible elementor-widget elementor-widget-button\" data-id=\"2abae79\" data-element_type=\"widget\" data-e-type=\"widget\" data-settings=\"{&quot;_animation&quot;:&quot;fadeIn&quot;,&quot;_animation_delay&quot;:400}\" data-widget_type=\"button.default\">\n\t\t\t\t<div class=\"elementor-widget-container\">\n\t\t\t\t\t\t\t\t\t<div class=\"elementor-button-wrapper\">\n\t\t\t\t\t<a class=\"elementor-button elementor-button-link elementor-size-sm elementor-animation-grow\" href=\"https:\/\/englishbyse.com\/es\/cuestionario\/\">\n\t\t\t\t\t\t<span class=\"elementor-button-content-wrapper\">\n\t\t\t\t\t\t\t\t\t<span class=\"elementor-button-text\">EMPEZAR<\/span>\n\t\t\t\t\t<\/span>\n\t\t\t\t\t<\/a>\n\t\t\t\t<\/div>\n\t\t\t\t\t\t\t\t<\/div>\n\t\t\t\t<\/div>\n\t\t\t\t<\/div>\n\t\t<div class=\"elementor-element elementor-element-0f58982 e-con-full e-flex e-con e-child\" data-id=\"0f58982\" data-element_type=\"container\" data-e-type=\"container\" data-settings=\"{&quot;background_background&quot;:&quot;classic&quot;}\">\n\t\t\t\t<\/div>\n\t\t\t\t\t<\/div>\n\t\t\t\t<\/div>\n\t\t<div class=\"elementor-element elementor-element-5819ed9 e-flex e-con-boxed e-con e-parent\" data-id=\"5819ed9\" data-element_type=\"container\" data-e-type=\"container\" data-settings=\"{&quot;background_background&quot;:&quot;classic&quot;}\">\n\t\t\t\t\t<div class=\"e-con-inner\">\n\t\t<div class=\"elementor-element elementor-element-1dd3926 e-con-full e-flex e-con e-child\" data-id=\"1dd3926\" data-element_type=\"container\" data-e-type=\"container\" data-settings=\"{&quot;background_background&quot;:&quot;classic&quot;}\">\n\t\t\t\t<\/div>\n\t\t<div class=\"elementor-element elementor-element-c15c650 e-con-full e-flex e-con e-child\" data-id=\"c15c650\" data-element_type=\"container\" data-e-type=\"container\">\n\t\t\t\t<div class=\"elementor-element elementor-element-80e63f3 elementor-invisible elementor-widget elementor-widget-heading\" data-id=\"80e63f3\" data-element_type=\"widget\" data-e-type=\"widget\" data-settings=\"{&quot;_animation&quot;:&quot;fadeInUp&quot;}\" data-widget_type=\"heading.default\">\n\t\t\t\t<div class=\"elementor-widget-container\">\n\t\t\t\t\t<h2 class=\"elementor-heading-title elementor-size-default\">Habilidades de comprensi\u00f3n lectora<\/h2>\t\t\t\t<\/div>\n\t\t\t\t<\/div>\n\t\t\t\t<div class=\"elementor-element elementor-element-9c5f648 elementor-invisible elementor-widget elementor-widget-text-editor\" data-id=\"9c5f648\" data-element_type=\"widget\" data-e-type=\"widget\" data-settings=\"{&quot;_animation&quot;:&quot;fadeInUp&quot;}\" data-widget_type=\"text-editor.default\">\n\t\t\t\t<div class=\"elementor-widget-container\">\n\t\t\t\t\t\t\t\t\t<p>Se proporcionar\u00e1n materiales de lectura especializados, seleccionados de diversas fuentes, para fomentar la alfabetizaci\u00f3n a nivel global.<\/p>\n<p>Success Essentials Inc.\u00ae ha desarrollado un m\u00e9todo espec\u00edfico para integrar la lectura en el plan de estudios. La lista de lecturas procede de la colecci\u00f3n <b style=\"\">READERS ARE ACHIEVERS<\/b><span style=\"letter-spacing: 0px; text-align: var(--text-align);\"><b>\u00ae<\/b><\/span><span style=\"letter-spacing: 0px; text-align: var(--text-align);\">&nbsp;de Success Essentials Inc.\u00ae.<\/span><\/p>\t\t\t\t\t\t\t\t<\/div>\n\t\t\t\t<\/div>\n\t\t\t\t<\/div>\n\t\t\t\t\t<\/div>\n\t\t\t\t<\/div>\n\t\t<div class=\"elementor-element elementor-element-91df53f e-flex e-con-boxed e-con e-parent\" data-id=\"91df53f\" data-element_type=\"container\" data-e-type=\"container\" data-settings=\"{&quot;background_background&quot;:&quot;classic&quot;}\">\n\t\t\t\t\t<div class=\"e-con-inner\">\n\t\t<div class=\"elementor-element elementor-element-beb2679 e-con-full e-flex e-con e-child\" data-id=\"beb2679\" data-element_type=\"container\" data-e-type=\"container\">\n\t\t\t\t<div class=\"elementor-element elementor-element-afe4430 elementor-invisible elementor-widget elementor-widget-heading\" data-id=\"afe4430\" data-element_type=\"widget\" data-e-type=\"widget\" data-settings=\"{&quot;_animation&quot;:&quot;fadeInUp&quot;}\" data-widget_type=\"heading.default\">\n\t\t\t\t<div class=\"elementor-widget-container\">\n\t\t\t\t\t<h2 class=\"elementor-heading-title elementor-size-default\">Habilidades de escritura<\/h2>\t\t\t\t<\/div>\n\t\t\t\t<\/div>\n\t\t\t\t<div class=\"elementor-element elementor-element-a254596 elementor-invisible elementor-widget elementor-widget-text-editor\" data-id=\"a254596\" data-element_type=\"widget\" data-e-type=\"widget\" data-settings=\"{&quot;_animation&quot;:&quot;fadeInUp&quot;}\" data-widget_type=\"text-editor.default\">\n\t\t\t\t<div class=\"elementor-widget-container\">\n\t\t\t\t\t\t\t\t\t<p>\u00bfNecesitas ayuda para mejorar tu redacci\u00f3n en ingl\u00e9s? Te ofrecemos un curso espec\u00edfico para mejorar las habilidades de comunicaci\u00f3n escrita. <\/p>\t\t\t\t\t\t\t\t<\/div>\n\t\t\t\t<\/div>\n\t\t\t\t<div class=\"elementor-element elementor-element-e395e7d elementor-align-left elementor-invisible elementor-widget elementor-widget-button\" data-id=\"e395e7d\" data-element_type=\"widget\" data-e-type=\"widget\" data-settings=\"{&quot;_animation&quot;:&quot;fadeIn&quot;,&quot;_animation_delay&quot;:400}\" data-widget_type=\"button.default\">\n\t\t\t\t<div class=\"elementor-widget-container\">\n\t\t\t\t\t\t\t\t\t<div class=\"elementor-button-wrapper\">\n\t\t\t\t\t<a class=\"elementor-button elementor-button-link elementor-size-sm elementor-animation-grow\" href=\"https:\/\/englishbyse.com\/es\/cuestionario\/\">\n\t\t\t\t\t\t<span class=\"elementor-button-content-wrapper\">\n\t\t\t\t\t\t\t\t\t<span class=\"elementor-button-text\">EMPEZAR<\/span>\n\t\t\t\t\t<\/span>\n\t\t\t\t\t<\/a>\n\t\t\t\t<\/div>\n\t\t\t\t\t\t\t\t<\/div>\n\t\t\t\t<\/div>\n\t\t\t\t<\/div>\n\t\t<div class=\"elementor-element elementor-element-58ebf43 e-con-full e-flex e-con e-child\" data-id=\"58ebf43\" data-element_type=\"container\" data-e-type=\"container\" data-settings=\"{&quot;background_background&quot;:&quot;classic&quot;}\">\n\t\t\t\t<\/div>\n\t\t\t\t\t<\/div>\n\t\t\t\t<\/div>\n\t\t\t\t<\/div>\n\t\t","protected":false},"excerpt":{"rendered":"<p>Ingl\u00e9s nivel Avanzado Las lecciones contienen: Lecciones a medida Lecciones de ingl\u00e9s individualizadas y completas que se adaptan a ti para cumplir con tus objetivos ling\u00fc\u00edsticos. Ejercicios avanzados Cada lecci\u00f3n online contendr\u00e1 ejercicios de comprensi\u00f3n y expresi\u00f3n escrita y oral en el idioma de destino: el ingl\u00e9s. \u00bfQu\u00e9 puedes esperar de nuestro curso de ingl\u00e9s [&hellip;]<\/p>\n","protected":false},"author":2,"featured_media":0,"parent":0,"menu_order":0,"comment_status":"closed","ping_status":"closed","template":"elementor_header_footer","meta":{"footnotes":""},"class_list":["post-1164","page","type-page","status-publish","hentry"],"_links":{"self":[{"href":"https:\/\/englishbyse.com\/es\/wp-json\/wp\/v2\/pages\/1164","targetHints":{"allow":["GET"]}}],"collection":[{"href":"https:\/\/englishbyse.com\/es\/wp-json\/wp\/v2\/pages"}],"about":[{"href":"https:\/\/englishbyse.com\/es\/wp-json\/wp\/v2\/types\/page"}],"author":[{"embeddable":true,"href":"https:\/\/englishbyse.com\/es\/wp-json\/wp\/v2\/users\/2"}],"replies":[{"embeddable":true,"href":"https:\/\/englishbyse.com\/es\/wp-json\/wp\/v2\/comments?post=1164"}],"version-history":[{"count":22,"href":"https:\/\/englishbyse.com\/es\/wp-json\/wp\/v2\/pages\/1164\/revisions"}],"predecessor-version":[{"id":1487,"href":"https:\/\/englishbyse.com\/es\/wp-json\/wp\/v2\/pages\/1164\/revisions\/1487"}],"wp:attachment":[{"href":"https:\/\/englishbyse.com\/es\/wp-json\/wp\/v2\/media?parent=1164"}],"curies":[{"name":"wp","href":"https:\/\/api.w.org\/{rel}","templated":true}]}}