{"id":1176,"date":"2025-02-25T13:42:29","date_gmt":"2025-02-25T13:42:29","guid":{"rendered":"https:\/\/englishbyse.com\/espanol-como-segunda-lengua\/"},"modified":"2025-06-16T18:54:07","modified_gmt":"2025-06-16T18:54:07","slug":"ingles-como-segunda-lengua","status":"publish","type":"page","link":"https:\/\/englishbyse.com\/es\/ingles-como-segunda-lengua\/","title":{"rendered":"Ingl\u00e9s como segunda lengua"},"content":{"rendered":"\t\t<div data-elementor-type=\"wp-page\" data-elementor-id=\"1176\" class=\"elementor elementor-1176 elementor-618\" data-elementor-post-type=\"page\">\n\t\t\t\t<div class=\"elementor-element elementor-element-e0b24e8 e-flex e-con-boxed e-con e-parent\" data-id=\"e0b24e8\" data-element_type=\"container\" data-e-type=\"container\" data-settings=\"{&quot;background_background&quot;:&quot;classic&quot;}\">\n\t\t\t\t\t<div class=\"e-con-inner\">\n\t\t\t\t<div class=\"elementor-element elementor-element-1098b62 elementor-invisible elementor-widget elementor-widget-heading\" data-id=\"1098b62\" data-element_type=\"widget\" data-e-type=\"widget\" data-settings=\"{&quot;_animation&quot;:&quot;fadeIn&quot;}\" data-widget_type=\"heading.default\">\n\t\t\t\t<div class=\"elementor-widget-container\">\n\t\t\t\t\t<h1 class=\"elementor-heading-title elementor-size-default\">Ingl\u00e9s como <br>segunda lengua<\/h1>\t\t\t\t<\/div>\n\t\t\t\t<\/div>\n\t\t<div class=\"elementor-element elementor-element-3266859 e-con-full e-flex e-con e-child\" data-id=\"3266859\" data-element_type=\"container\" data-e-type=\"container\">\n\t\t\t\t<div class=\"elementor-element elementor-element-650b2d6 elementor-widget elementor-widget-image\" data-id=\"650b2d6\" data-element_type=\"widget\" data-e-type=\"widget\" data-widget_type=\"image.default\">\n\t\t\t\t<div class=\"elementor-widget-container\">\n\t\t\t\t\t\t\t\t\t\t\t\t\t\t\t<img fetchpriority=\"high\" decoding=\"async\" width=\"800\" height=\"200\" src=\"https:\/\/englishbyse.com\/wp-content\/uploads\/2025\/06\/Google-Classroom-Header-Spanish-Class-1024x256.png\" class=\"attachment-large size-large wp-image-1417\" alt=\"\" srcset=\"https:\/\/englishbyse.com\/wp-content\/uploads\/2025\/06\/Google-Classroom-Header-Spanish-Class-1024x256.png 1024w, https:\/\/englishbyse.com\/wp-content\/uploads\/2025\/06\/Google-Classroom-Header-Spanish-Class-300x75.png 300w, https:\/\/englishbyse.com\/wp-content\/uploads\/2025\/06\/Google-Classroom-Header-Spanish-Class-768x192.png 768w, https:\/\/englishbyse.com\/wp-content\/uploads\/2025\/06\/Google-Classroom-Header-Spanish-Class-1536x384.png 1536w, https:\/\/englishbyse.com\/wp-content\/uploads\/2025\/06\/Google-Classroom-Header-Spanish-Class.png 1920w\" sizes=\"(max-width: 800px) 100vw, 800px\" \/>\t\t\t\t\t\t\t\t\t\t\t\t\t\t\t<\/div>\n\t\t\t\t<\/div>\n\t\t\t\t<\/div>\n\t\t\t\t\t<\/div>\n\t\t\t\t<\/div>\n\t\t<div class=\"elementor-element elementor-element-e8540a7 e-flex e-con-boxed e-con e-parent\" data-id=\"e8540a7\" data-element_type=\"container\" data-e-type=\"container\" data-settings=\"{&quot;background_background&quot;:&quot;classic&quot;}\">\n\t\t\t\t\t<div class=\"e-con-inner\">\n\t\t<div class=\"elementor-element elementor-element-5c3c7fa e-con-full e-flex e-con e-child\" data-id=\"5c3c7fa\" data-element_type=\"container\" data-e-type=\"container\">\n\t\t\t\t<div class=\"elementor-element elementor-element-d54992c elementor-invisible elementor-widget elementor-widget-heading\" data-id=\"d54992c\" data-element_type=\"widget\" data-e-type=\"widget\" data-settings=\"{&quot;_animation&quot;:&quot;fadeInUp&quot;}\" data-widget_type=\"heading.default\">\n\t\t\t\t<div class=\"elementor-widget-container\">\n\t\t\t\t\t<h2 class=\"elementor-heading-title elementor-size-default\">\u00bfQu\u00e9 esperar de las clases virtuales de ingl\u00e9s para principiantes?<\/h2>\t\t\t\t<\/div>\n\t\t\t\t<\/div>\n\t\t\t\t<div class=\"elementor-element elementor-element-196a6f1 elementor-invisible elementor-widget elementor-widget-text-editor\" data-id=\"196a6f1\" data-element_type=\"widget\" data-e-type=\"widget\" data-settings=\"{&quot;_animation&quot;:&quot;fadeInUp&quot;}\" data-widget_type=\"text-editor.default\">\n\t\t\t\t<div class=\"elementor-widget-container\">\n\t\t\t\t\t\t\t\t\t<p>El curso de ingl\u00e9s como segundo idioma es un curso de ingl\u00e9s para principiantes que no requiere conocimientos ni experiencia previa. El curso utiliza diversos enfoques de ense\u00f1anza para ayudar al estudiante a dominar las cuatro habilidades ling\u00fc\u00edsticas b\u00e1sicas: escuchar, hablar, leer y escribir.<\/p>\t\t\t\t\t\t\t\t<\/div>\n\t\t\t\t<\/div>\n\t\t\t\t<div class=\"elementor-element elementor-element-85b69e9 elementor-align-left elementor-invisible elementor-widget elementor-widget-button\" data-id=\"85b69e9\" data-element_type=\"widget\" data-e-type=\"widget\" data-settings=\"{&quot;_animation&quot;:&quot;fadeIn&quot;,&quot;_animation_delay&quot;:400}\" data-widget_type=\"button.default\">\n\t\t\t\t<div class=\"elementor-widget-container\">\n\t\t\t\t\t\t\t\t\t<div class=\"elementor-button-wrapper\">\n\t\t\t\t\t<a class=\"elementor-button elementor-button-link elementor-size-sm elementor-animation-grow\" href=\"https:\/\/englishbyse.com\/es\/cuestionario\/\">\n\t\t\t\t\t\t<span class=\"elementor-button-content-wrapper\">\n\t\t\t\t\t\t\t\t\t<span class=\"elementor-button-text\">EMPEZAR<\/span>\n\t\t\t\t\t<\/span>\n\t\t\t\t\t<\/a>\n\t\t\t\t<\/div>\n\t\t\t\t\t\t\t\t<\/div>\n\t\t\t\t<\/div>\n\t\t\t\t<\/div>\n\t\t<div class=\"elementor-element elementor-element-009a0b3 e-con-full e-flex e-con e-child\" data-id=\"009a0b3\" data-element_type=\"container\" data-e-type=\"container\" data-settings=\"{&quot;background_background&quot;:&quot;classic&quot;}\">\n\t\t\t\t<\/div>\n\t\t\t\t\t<\/div>\n\t\t\t\t<\/div>\n\t\t<div class=\"elementor-element elementor-element-9e43b51 e-flex e-con-boxed e-con e-parent\" data-id=\"9e43b51\" data-element_type=\"container\" data-e-type=\"container\" data-settings=\"{&quot;background_background&quot;:&quot;classic&quot;}\">\n\t\t\t\t\t<div class=\"e-con-inner\">\n\t\t\t\t<div class=\"elementor-element elementor-element-dcdb6ac elementor-widget elementor-widget-heading\" data-id=\"dcdb6ac\" data-element_type=\"widget\" data-e-type=\"widget\" data-widget_type=\"heading.default\">\n\t\t\t\t<div class=\"elementor-widget-container\">\n\t\t\t\t\t<h2 class=\"elementor-heading-title elementor-size-default\">La lecci\u00f3n contiene:<\/h2>\t\t\t\t<\/div>\n\t\t\t\t<\/div>\n\t\t<div class=\"elementor-element elementor-element-cfa35d1 e-con-full e-flex e-con e-child\" data-id=\"cfa35d1\" data-element_type=\"container\" data-e-type=\"container\">\n\t\t\t\t<div class=\"elementor-element elementor-element-80836f8 elementor-widget-tablet__width-initial elementor-widget-mobile__width-inherit elementor-widget__width-initial elementor-position-top elementor-invisible elementor-widget elementor-widget-image-box\" data-id=\"80836f8\" data-element_type=\"widget\" data-e-type=\"widget\" data-settings=\"{&quot;_animation&quot;:&quot;fadeInRight&quot;}\" data-widget_type=\"image-box.default\">\n\t\t\t\t<div class=\"elementor-widget-container\">\n\t\t\t\t\t<div class=\"elementor-image-box-wrapper\"><figure class=\"elementor-image-box-img\"><img decoding=\"async\" src=\"https:\/\/englishbyse.com\/wp-content\/uploads\/elementor\/thumbs\/photo-1506880018603-83d5b814b5a6-scaled-r20zcnsef20zeydc20ufs3g3obylvom6xbwilzovsg.jpeg\" title=\"photo-1506880018603-83d5b814b5a6\" alt=\"photo-1506880018603-83d5b814b5a6\" loading=\"lazy\" \/><\/figure><div class=\"elementor-image-box-content\"><h4 class=\"elementor-image-box-title\">Lectura<\/h4><p class=\"elementor-image-box-description\">Material de lectura para mejorar tu capacidad lectora<\/p><\/div><\/div>\t\t\t\t<\/div>\n\t\t\t\t<\/div>\n\t\t\t\t<div class=\"elementor-element elementor-element-3f61c80 elementor-widget-tablet__width-initial elementor-widget-mobile__width-inherit elementor-widget__width-initial elementor-position-top elementor-invisible elementor-widget elementor-widget-image-box\" data-id=\"3f61c80\" data-element_type=\"widget\" data-e-type=\"widget\" data-settings=\"{&quot;_animation&quot;:&quot;fadeInRight&quot;,&quot;_animation_delay&quot;:100}\" data-widget_type=\"image-box.default\">\n\t\t\t\t<div class=\"elementor-widget-container\">\n\t\t\t\t\t<div class=\"elementor-image-box-wrapper\"><figure class=\"elementor-image-box-img\"><img decoding=\"async\" src=\"https:\/\/englishbyse.com\/wp-content\/uploads\/elementor\/thumbs\/lilartsy-333oj7zFsdg-unsplash-scaled-r1clv59ticd3b1whms5ml3l62unmzvfmrr1v5js1kg.jpg\" title=\"lilartsy-333oj7zFsdg-unsplash\" alt=\"lilartsy-333oj7zFsdg-unsplash\" loading=\"lazy\" \/><\/figure><div class=\"elementor-image-box-content\"><h4 class=\"elementor-image-box-title\">Escribir<\/h4><p class=\"elementor-image-box-description\">Ejercicios y lecciones de escritura para desarrollar la destreza de escribir en espa\u00f1ol<\/p><\/div><\/div>\t\t\t\t<\/div>\n\t\t\t\t<\/div>\n\t\t\t\t<div class=\"elementor-element elementor-element-4155e3f elementor-widget-tablet__width-initial elementor-widget-mobile__width-inherit elementor-widget__width-initial elementor-position-top elementor-invisible elementor-widget elementor-widget-image-box\" data-id=\"4155e3f\" data-element_type=\"widget\" data-e-type=\"widget\" data-settings=\"{&quot;_animation&quot;:&quot;fadeInRight&quot;,&quot;_animation_delay&quot;:200}\" data-widget_type=\"image-box.default\">\n\t\t\t\t<div class=\"elementor-widget-container\">\n\t\t\t\t\t<div class=\"elementor-image-box-wrapper\"><figure class=\"elementor-image-box-img\"><img decoding=\"async\" src=\"https:\/\/englishbyse.com\/wp-content\/uploads\/elementor\/thumbs\/Untitled-design-15-r0wlyf4gryto9lce6y3fexii7fmj4jy4aa7ixged4g.png\" title=\"Untitled design (15)\" alt=\"Untitled design (15)\" loading=\"lazy\" \/><\/figure><div class=\"elementor-image-box-content\"><h4 class=\"elementor-image-box-title\">Escuchar y hablar<\/h4><p class=\"elementor-image-box-description\">Ejercicios y materiales para desarrollar la capacidad de hablar y escuchar en espa\u00f1ol<\/p><\/div><\/div>\t\t\t\t<\/div>\n\t\t\t\t<\/div>\n\t\t\t\t<\/div>\n\t\t\t\t\t<\/div>\n\t\t\t\t<\/div>\n\t\t\t\t<\/div>\n\t\t","protected":false},"excerpt":{"rendered":"<p>Ingl\u00e9s como segunda lengua \u00bfQu\u00e9 esperar de las clases virtuales de ingl\u00e9s para principiantes? El curso de ingl\u00e9s como segundo idioma es un curso de ingl\u00e9s para principiantes que no requiere conocimientos ni experiencia previa. El curso utiliza diversos enfoques de ense\u00f1anza para ayudar al estudiante a dominar las cuatro habilidades ling\u00fc\u00edsticas b\u00e1sicas: escuchar, hablar, [&hellip;]<\/p>\n","protected":false},"author":2,"featured_media":0,"parent":0,"menu_order":0,"comment_status":"closed","ping_status":"closed","template":"elementor_header_footer","meta":{"footnotes":""},"class_list":["post-1176","page","type-page","status-publish","hentry"],"_links":{"self":[{"href":"https:\/\/englishbyse.com\/es\/wp-json\/wp\/v2\/pages\/1176","targetHints":{"allow":["GET"]}}],"collection":[{"href":"https:\/\/englishbyse.com\/es\/wp-json\/wp\/v2\/pages"}],"about":[{"href":"https:\/\/englishbyse.com\/es\/wp-json\/wp\/v2\/types\/page"}],"author":[{"embeddable":true,"href":"https:\/\/englishbyse.com\/es\/wp-json\/wp\/v2\/users\/2"}],"replies":[{"embeddable":true,"href":"https:\/\/englishbyse.com\/es\/wp-json\/wp\/v2\/comments?post=1176"}],"version-history":[{"count":23,"href":"https:\/\/englishbyse.com\/es\/wp-json\/wp\/v2\/pages\/1176\/revisions"}],"predecessor-version":[{"id":1490,"href":"https:\/\/englishbyse.com\/es\/wp-json\/wp\/v2\/pages\/1176\/revisions\/1490"}],"wp:attachment":[{"href":"https:\/\/englishbyse.com\/es\/wp-json\/wp\/v2\/media?parent=1176"}],"curies":[{"name":"wp","href":"https:\/\/api.w.org\/{rel}","templated":true}]}}