{"id":2789,"date":"2026-04-07T05:35:37","date_gmt":"2026-04-07T05:35:37","guid":{"rendered":"https:\/\/englishbyse.com\/?page_id=2789"},"modified":"2026-04-07T15:43:24","modified_gmt":"2026-04-07T15:43:24","slug":"ingles-para-tiempo-y-citas","status":"publish","type":"page","link":"https:\/\/englishbyse.com\/es\/ingles-para-tiempo-y-citas\/","title":{"rendered":"Ingl\u00e9s para Tiempo y Citas"},"content":{"rendered":"\t\t<div data-elementor-type=\"wp-page\" data-elementor-id=\"2789\" class=\"elementor elementor-2789 elementor-2698\" data-elementor-post-type=\"page\">\n\t\t\t\t<div class=\"elementor-element elementor-element-52b31e4 e-flex e-con-boxed e-con e-parent\" data-id=\"52b31e4\" data-element_type=\"container\" data-e-type=\"container\" data-settings=\"{&quot;background_background&quot;:&quot;classic&quot;}\">\n\t\t\t\t\t<div class=\"e-con-inner\">\n\t\t<div class=\"elementor-element elementor-element-c49386e e-con-full e-flex e-con e-child\" data-id=\"c49386e\" data-element_type=\"container\" data-e-type=\"container\">\n\t\t\t\t<div class=\"elementor-element elementor-element-83b54c2 elementor-invisible elementor-widget elementor-widget-heading\" data-id=\"83b54c2\" data-element_type=\"widget\" data-e-type=\"widget\" data-settings=\"{&quot;_animation&quot;:&quot;fadeInUp&quot;}\" data-widget_type=\"heading.default\">\n\t\t\t\t<div class=\"elementor-widget-container\">\n\t\t\t\t\t<h2 class=\"elementor-heading-title elementor-size-default\">Ingl\u00e9s para Tiempo y Citas<\/h2>\t\t\t\t<\/div>\n\t\t\t\t<\/div>\n\t\t\t\t<div class=\"elementor-element elementor-element-5e424bd elementor-widget elementor-widget-heading\" data-id=\"5e424bd\" data-element_type=\"widget\" data-e-type=\"widget\" data-widget_type=\"heading.default\">\n\t\t\t\t<div class=\"elementor-widget-container\">\n\t\t\t\t\t<h2 class=\"elementor-heading-title elementor-size-default\">Deja de perder oportunidades: domina el tiempo, la programaci\u00f3n y la comunicaci\u00f3n puntual.<\/h2>\t\t\t\t<\/div>\n\t\t\t\t<\/div>\n\t\t\t\t<div class=\"elementor-element elementor-element-078c5ea elementor-invisible elementor-widget elementor-widget-text-editor\" data-id=\"078c5ea\" data-element_type=\"widget\" data-e-type=\"widget\" data-settings=\"{&quot;_animation&quot;:&quot;fadeInUp&quot;}\" data-widget_type=\"text-editor.default\">\n\t\t\t\t<div class=\"elementor-widget-container\">\n\t\t\t\t\t\t\t\t\t<p>Este curso se centra en <strong>una de las habilidades de \u00e9xito que m\u00e1s se pasan por alto: la comunicaci\u00f3n del tiempo.<\/strong> Aprender\u00e1s a gestionar horarios, confirmar citas y comunicarte con claridad sobre el tiempo.<\/p>\t\t\t\t\t\t\t\t<\/div>\n\t\t\t\t<\/div>\n\t\t\t\t<div class=\"elementor-element elementor-element-1284386 elementor-invisible elementor-widget elementor-widget-heading\" data-id=\"1284386\" data-element_type=\"widget\" data-e-type=\"widget\" data-settings=\"{&quot;_animation&quot;:&quot;fadeInUp&quot;}\" data-widget_type=\"heading.default\">\n\t\t\t\t<div class=\"elementor-widget-container\">\n\t\t\t\t\t<h2 class=\"elementor-heading-title elementor-size-default\">Practicar\u00e1s:<\/h2>\t\t\t\t<\/div>\n\t\t\t\t<\/div>\n\t\t\t\t<div class=\"elementor-element elementor-element-42df7cd elementor-invisible elementor-widget elementor-widget-text-editor\" data-id=\"42df7cd\" data-element_type=\"widget\" data-e-type=\"widget\" data-settings=\"{&quot;_animation&quot;:&quot;fadeInUp&quot;}\" data-widget_type=\"text-editor.default\">\n\t\t\t\t<div class=\"elementor-widget-container\">\n\t\t\t\t\t\t\t\t\t<ul><li>Programar y confirmar citas<\/li><li>Comprender fechas, horas y plazos<\/li><li>Comunicar los retrasos o cambios con profesionalidad<\/li><li>Gestionar calendarios y recordatorios<\/li><li>Evitar costosos malentendidos sobre el tiempo<\/li><\/ul>\t\t\t\t\t\t\t\t<\/div>\n\t\t\t\t<\/div>\n\t\t\t\t<div class=\"elementor-element elementor-element-43c6b5d elementor-invisible elementor-widget elementor-widget-text-editor\" data-id=\"43c6b5d\" data-element_type=\"widget\" data-e-type=\"widget\" data-settings=\"{&quot;_animation&quot;:&quot;fadeInUp&quot;}\" data-widget_type=\"text-editor.default\">\n\t\t\t\t<div class=\"elementor-widget-container\">\n\t\t\t\t\t\t\t\t\t<p><strong>Resultado:<\/strong> Te forjar\u00e1s una reputaci\u00f3n de ser <strong>fiable, organizado y puntual,<\/strong> lo que repercute directamente en tu \u00e9xito en el trabajo y en la vida diaria.<\/p>\t\t\t\t\t\t\t\t<\/div>\n\t\t\t\t<\/div>\n\t\t\t\t<\/div>\n\t\t<div class=\"elementor-element elementor-element-c003a06 e-con-full e-flex e-con e-child\" data-id=\"c003a06\" data-element_type=\"container\" data-e-type=\"container\" data-settings=\"{&quot;background_background&quot;:&quot;classic&quot;}\">\n\t\t\t\t<\/div>\n\t\t\t\t\t<\/div>\n\t\t\t\t<\/div>\n\t\t<div class=\"elementor-element elementor-element-494027f3 e-flex e-con-boxed e-con e-parent\" data-id=\"494027f3\" data-element_type=\"container\" data-e-type=\"container\" data-settings=\"{&quot;background_background&quot;:&quot;classic&quot;}\">\n\t\t\t\t\t<div class=\"e-con-inner\">\n\t\t<div class=\"elementor-element elementor-element-74d32821 e-flex e-con-boxed e-con e-child\" data-id=\"74d32821\" data-element_type=\"container\" data-e-type=\"container\">\n\t\t\t\t\t<div class=\"e-con-inner\">\n\t\t\t\t<div class=\"elementor-element elementor-element-4e52095 elementor-view-default elementor-widget elementor-widget-icon\" data-id=\"4e52095\" data-element_type=\"widget\" data-e-type=\"widget\" data-widget_type=\"icon.default\">\n\t\t\t\t<div class=\"elementor-widget-container\">\n\t\t\t\t\t\t\t<div class=\"elementor-icon-wrapper\">\n\t\t\t<div class=\"elementor-icon\">\n\t\t\t<svg xmlns=\"http:\/\/www.w3.org\/2000\/svg\" viewBox=\"0 0 25 22\"><path d=\"M24.846.345v4.16c-.996.087-1.906.477-2.73 1.17-.78.694-1.408 1.582-1.884 2.665-.434 1.04-.65 2.188-.65 3.445h5.07v10.01H14.315V12.89c0-2.73.477-4.983 1.43-6.76.997-1.776 2.297-3.141 3.9-4.095a12.275 12.275 0 0 1 5.2-1.69Zm-14.104 0v4.16c-.997.087-1.907.477-2.73 1.17-.78.694-1.409 1.582-1.886 2.665-.433 1.04-.65 2.188-.65 3.445h5.006v10.01H.146V12.89c0-2.73.499-4.983 1.495-6.76.997-1.776 2.297-3.141 3.9-4.095a12.275 12.275 0 0 1 5.2-1.69Z\"><\/path><\/svg>\t\t\t<\/div>\n\t\t<\/div>\n\t\t\t\t\t\t<\/div>\n\t\t\t\t<\/div>\n\t\t\t\t<div class=\"elementor-element elementor-element-65d9586 elementor-widget elementor-widget-heading\" data-id=\"65d9586\" data-element_type=\"widget\" data-e-type=\"widget\" data-widget_type=\"heading.default\">\n\t\t\t\t<div class=\"elementor-widget-container\">\n\t\t\t\t\t<h2 class=\"elementor-heading-title elementor-size-default\">No reinventes la rueda, s\u00f3lo realin\u00e9ala.<\/h2>\t\t\t\t<\/div>\n\t\t\t\t<\/div>\n\t\t\t\t<div class=\"elementor-element elementor-element-61b824b1 elementor-widget-divider--view-line elementor-widget elementor-widget-divider\" data-id=\"61b824b1\" data-element_type=\"widget\" data-e-type=\"widget\" data-widget_type=\"divider.default\">\n\t\t\t\t<div class=\"elementor-widget-container\">\n\t\t\t\t\t\t\t<div class=\"elementor-divider\">\n\t\t\t<span class=\"elementor-divider-separator\">\n\t\t\t\t\t\t<\/span>\n\t\t<\/div>\n\t\t\t\t\t\t<\/div>\n\t\t\t\t<\/div>\n\t\t\t\t<div class=\"elementor-element elementor-element-52db4dc elementor-widget elementor-widget-text-editor\" data-id=\"52db4dc\" data-element_type=\"widget\" data-e-type=\"widget\" data-widget_type=\"text-editor.default\">\n\t\t\t\t<div class=\"elementor-widget-container\">\n\t\t\t\t\t\t\t\t\t<p>Anthony J. D&#8217;Angelo<\/p>\t\t\t\t\t\t\t\t<\/div>\n\t\t\t\t<\/div>\n\t\t\t\t\t<\/div>\n\t\t\t\t<\/div>\n\t\t\t\t\t<\/div>\n\t\t\t\t<\/div>\n\t\t\t\t<\/div>\n\t\t","protected":false},"excerpt":{"rendered":"<p>Ingl\u00e9s para Tiempo y Citas Deja de perder oportunidades: domina el tiempo, la programaci\u00f3n y la comunicaci\u00f3n puntual. Este curso se centra en una de las habilidades de \u00e9xito que m\u00e1s se pasan por alto: la comunicaci\u00f3n del tiempo. Aprender\u00e1s a gestionar horarios, confirmar citas y comunicarte con claridad sobre el tiempo. Practicar\u00e1s: Programar y [&hellip;]<\/p>\n","protected":false},"author":2,"featured_media":0,"parent":0,"menu_order":0,"comment_status":"closed","ping_status":"closed","template":"elementor_header_footer","meta":{"footnotes":""},"class_list":["post-2789","page","type-page","status-publish","hentry"],"_links":{"self":[{"href":"https:\/\/englishbyse.com\/es\/wp-json\/wp\/v2\/pages\/2789","targetHints":{"allow":["GET"]}}],"collection":[{"href":"https:\/\/englishbyse.com\/es\/wp-json\/wp\/v2\/pages"}],"about":[{"href":"https:\/\/englishbyse.com\/es\/wp-json\/wp\/v2\/types\/page"}],"author":[{"embeddable":true,"href":"https:\/\/englishbyse.com\/es\/wp-json\/wp\/v2\/users\/2"}],"replies":[{"embeddable":true,"href":"https:\/\/englishbyse.com\/es\/wp-json\/wp\/v2\/comments?post=2789"}],"version-history":[{"count":1,"href":"https:\/\/englishbyse.com\/es\/wp-json\/wp\/v2\/pages\/2789\/revisions"}],"predecessor-version":[{"id":2790,"href":"https:\/\/englishbyse.com\/es\/wp-json\/wp\/v2\/pages\/2789\/revisions\/2790"}],"wp:attachment":[{"href":"https:\/\/englishbyse.com\/es\/wp-json\/wp\/v2\/media?parent=2789"}],"curies":[{"name":"wp","href":"https:\/\/api.w.org\/{rel}","templated":true}]}}